{"id":8,"date":"2018-10-22T10:30:10","date_gmt":"2018-10-22T10:30:10","guid":{"rendered":"http:\/\/drinkndrag.de\/?page_id=8"},"modified":"2018-10-22T14:40:20","modified_gmt":"2018-10-22T14:40:20","slug":"impressum","status":"publish","type":"page","link":"http:\/\/drinkndrag.de\/?page_id=8","title":{"rendered":"Impressum"},"content":{"rendered":"<div id=\"post-18\" class=\"post\">\n<h2>Impressum<\/h2>\n<div class=\"entry\">\n<p>Bei \u201ewww.drinkndrag.de\u201c\u00a0 handelt es sich um eine private Homepage ohne jegliche kommerzielle Nutzung.<\/p>\n<p>Weitergehende Angaben von pers\u00f6nlichen Daten sind demnach laut Teledienstegesetz nicht notwendig und werden nur auf Anfrage erteilt.<\/p>\n<table border=\"0\" width=\"532\">\n<tbody>\n<tr>\n<td width=\"154\"><strong>Homepage<\/strong><\/td>\n<td width=\"220\">www.drinkndrag.de<\/td>\n<\/tr>\n<tr>\n<td width=\"154\"><strong>\u00a0E-mail<\/strong><\/td>\n<td width=\"190\"><a href=\"http:\/\/drinkndrag.de\/?page_id=78\">E-Mail senden<\/a><\/td>\n<\/tr>\n<\/tbody>\n<\/table>\n<p>&nbsp;<\/p>\n<p>Datenschutzbestimmungen finden Sie hier: <a href=\"http:\/\/drinkndrag.de\/?page_id=6\">Datenschutzbestimmungen<\/a><\/p>\n<p>&nbsp;<\/p>\n<p>Distanzierung!<\/p>\n<p>Mit Urteil vom 12. Mai 1998 hat das Landgericht Hamburg entschieden, dass man durch die Ausbringung eines Links die Inhalte der gelinkten Seite ggf. mit zu verantworten hat. Dies kann \u2013 so das Landgericht \u2013 nur dadurch verhindert werden, dass man sich ausdr\u00fccklich von diesen Inhalten distanziert. Ich habe auf meiner Page Links zu anderen Seiten im Internet gelegt. F\u00fcr all diese Links gilt: Ich m\u00f6chte ausdr\u00fccklich betonen, dass ich keinerlei Einfluss auf die Gestaltung und die Inhalte der gelinkten Seiten habe. Deshalb distanziere ich mich hiermit ausdr\u00fccklich von allen Inhalten aller gelinkten Seiten auf meiner Homepage. Diese Erkl\u00e4rung gilt f\u00fcr alle auf meiner Homepage ausgebrachten Links und f\u00fcr alle Inhalte der Seiten, zu denen die Links f\u00fchren.<\/p>\n<\/div>\n<\/div>\n","protected":false},"excerpt":{"rendered":"<p>Impressum Bei \u201ewww.drinkndrag.de\u201c\u00a0 handelt es sich um eine private Homepage ohne jegliche kommerzielle Nutzung. Weitergehende Angaben von pers\u00f6nlichen Daten sind demnach laut Teledienstegesetz nicht notwendig und werden nur auf Anfrage erteilt. Homepage www.drinkndrag.de \u00a0E-mail E-Mail senden &nbsp; Datenschutzbestimmungen finden Sie hier: Datenschutzbestimmungen &nbsp; Distanzierung! Mit Urteil vom 12. Mai 1998 hat das Landgericht Hamburg entschieden, &hellip; <\/p>\n<p class=\"link-more\"><a href=\"http:\/\/drinkndrag.de\/?page_id=8\" class=\"more-link\"><span class=\"screen-reader-text\">\u201eImpressum\u201c<\/span> weiterlesen<\/a><\/p>\n","protected":false},"author":1,"featured_media":0,"parent":0,"menu_order":0,"comment_status":"closed","ping_status":"closed","template":"","meta":[],"_links":{"self":[{"href":"http:\/\/drinkndrag.de\/index.php?rest_route=\/wp\/v2\/pages\/8"}],"collection":[{"href":"http:\/\/drinkndrag.de\/index.php?rest_route=\/wp\/v2\/pages"}],"about":[{"href":"http:\/\/drinkndrag.de\/index.php?rest_route=\/wp\/v2\/types\/page"}],"author":[{"embeddable":true,"href":"http:\/\/drinkndrag.de\/index.php?rest_route=\/wp\/v2\/users\/1"}],"replies":[{"embeddable":true,"href":"http:\/\/drinkndrag.de\/index.php?rest_route=%2Fwp%2Fv2%2Fcomments&post=8"}],"version-history":[{"count":5,"href":"http:\/\/drinkndrag.de\/index.php?rest_route=\/wp\/v2\/pages\/8\/revisions"}],"predecessor-version":[{"id":84,"href":"http:\/\/drinkndrag.de\/index.php?rest_route=\/wp\/v2\/pages\/8\/revisions\/84"}],"wp:attachment":[{"href":"http:\/\/drinkndrag.de\/index.php?rest_route=%2Fwp%2Fv2%2Fmedia&parent=8"}],"curies":[{"name":"wp","href":"https:\/\/api.w.org\/{rel}","templated":true}]}}